{"id":81,"date":"2023-09-24T15:28:41","date_gmt":"2023-09-24T13:28:41","guid":{"rendered":"http:\/\/sadowy.one\/?page_id=81"},"modified":"2023-12-27T11:54:54","modified_gmt":"2023-12-27T10:54:54","slug":"kontakt","status":"publish","type":"page","link":"https:\/\/sadowy.one\/?page_id=81","title":{"rendered":"Kontakt"},"content":{"rendered":"\n<p>Je\u017celi chcesz si\u0119 skontaktowa\u0107 napisz  maila na adres:<\/p>\n\n\n\n<p><a href=\"mailto:sadowyone@gmail.com\" target=\"_blank\" rel=\"noreferrer noopener\">sadowyone@gmail.com<\/a> <\/p>\n\n\n\n<p>lub zadzwo\u0144 do naszego taty (+48) 5O7-63-63-OO<\/p>\n\n\n\n<p><\/p>\n","protected":false},"excerpt":{"rendered":"<p>Je\u017celi chcesz si\u0119 skontaktowa\u0107 napisz maila na adres: sadowyone@gmail.com lub zadzwo\u0144 do naszego taty (+48) 5O7-63-63-OO<\/p>\n","protected":false},"author":2,"featured_media":0,"parent":0,"menu_order":0,"comment_status":"closed","ping_status":"closed","template":"","meta":{"footnotes":""},"class_list":["post-81","page","type-page","status-publish","hentry"],"yoast_head":"<!-- This site is optimized with the Yoast SEO plugin v21.1 - https:\/\/yoast.com\/wordpress\/plugins\/seo\/ -->\n<title>Kontakt - Sadowy.one<\/title>\n<meta name=\"robots\" content=\"index, follow, max-snippet:-1, max-image-preview:large, max-video-preview:-1\" \/>\n<link rel=\"canonical\" href=\"https:\/\/sadowy.one\/?page_id=81\" \/>\n<meta property=\"og:locale\" content=\"pl_PL\" \/>\n<meta property=\"og:type\" content=\"article\" \/>\n<meta property=\"og:title\" content=\"Kontakt - Sadowy.one\" \/>\n<meta property=\"og:description\" content=\"Je\u017celi chcesz si\u0119 skontaktowa\u0107 napisz maila na adres: sadowyone@gmail.com lub zadzwo\u0144 do naszego taty (+48) 5O7-63-63-OO\" \/>\n<meta property=\"og:url\" content=\"https:\/\/sadowy.one\/?page_id=81\" \/>\n<meta property=\"og:site_name\" content=\"Sadowy.one\" \/>\n<meta property=\"article:modified_time\" content=\"2023-12-27T10:54:54+00:00\" \/>\n<meta name=\"twitter:card\" content=\"summary_large_image\" \/>\n<meta name=\"twitter:label1\" content=\"Szacowany czas czytania\" \/>\n\t<meta name=\"twitter:data1\" content=\"1 minuta\" \/>\n<script type=\"application\/ld+json\" class=\"yoast-schema-graph\">{\"@context\":\"https:\/\/schema.org\",\"@graph\":[{\"@type\":\"WebPage\",\"@id\":\"https:\/\/sadowy.one\/?page_id=81\",\"url\":\"https:\/\/sadowy.one\/?page_id=81\",\"name\":\"Kontakt - Sadowy.one\",\"isPartOf\":{\"@id\":\"https:\/\/sadowy.one\/#website\"},\"datePublished\":\"2023-09-24T13:28:41+00:00\",\"dateModified\":\"2023-12-27T10:54:54+00:00\",\"breadcrumb\":{\"@id\":\"https:\/\/sadowy.one\/?page_id=81#breadcrumb\"},\"inLanguage\":\"pl-PL\",\"potentialAction\":[{\"@type\":\"ReadAction\",\"target\":[\"https:\/\/sadowy.one\/?page_id=81\"]}]},{\"@type\":\"BreadcrumbList\",\"@id\":\"https:\/\/sadowy.one\/?page_id=81#breadcrumb\",\"itemListElement\":[{\"@type\":\"ListItem\",\"position\":1,\"name\":\"Home\",\"item\":\"https:\/\/sadowy.one\/\"},{\"@type\":\"ListItem\",\"position\":2,\"name\":\"Kontakt\"}]},{\"@type\":\"WebSite\",\"@id\":\"https:\/\/sadowy.one\/#website\",\"url\":\"https:\/\/sadowy.one\/\",\"name\":\"Sadowy.one\",\"description\":\"\",\"potentialAction\":[{\"@type\":\"SearchAction\",\"target\":{\"@type\":\"EntryPoint\",\"urlTemplate\":\"https:\/\/sadowy.one\/?s={search_term_string}\"},\"query-input\":\"required name=search_term_string\"}],\"inLanguage\":\"pl-PL\"}]}<\/script>\n<!-- \/ Yoast SEO plugin. -->","yoast_head_json":{"title":"Kontakt - Sadowy.one","robots":{"index":"index","follow":"follow","max-snippet":"max-snippet:-1","max-image-preview":"max-image-preview:large","max-video-preview":"max-video-preview:-1"},"canonical":"https:\/\/sadowy.one\/?page_id=81","og_locale":"pl_PL","og_type":"article","og_title":"Kontakt - Sadowy.one","og_description":"Je\u017celi chcesz si\u0119 skontaktowa\u0107 napisz maila na adres: sadowyone@gmail.com lub zadzwo\u0144 do naszego taty (+48) 5O7-63-63-OO","og_url":"https:\/\/sadowy.one\/?page_id=81","og_site_name":"Sadowy.one","article_modified_time":"2023-12-27T10:54:54+00:00","twitter_card":"summary_large_image","twitter_misc":{"Szacowany czas czytania":"1 minuta"},"schema":{"@context":"https:\/\/schema.org","@graph":[{"@type":"WebPage","@id":"https:\/\/sadowy.one\/?page_id=81","url":"https:\/\/sadowy.one\/?page_id=81","name":"Kontakt - Sadowy.one","isPartOf":{"@id":"https:\/\/sadowy.one\/#website"},"datePublished":"2023-09-24T13:28:41+00:00","dateModified":"2023-12-27T10:54:54+00:00","breadcrumb":{"@id":"https:\/\/sadowy.one\/?page_id=81#breadcrumb"},"inLanguage":"pl-PL","potentialAction":[{"@type":"ReadAction","target":["https:\/\/sadowy.one\/?page_id=81"]}]},{"@type":"BreadcrumbList","@id":"https:\/\/sadowy.one\/?page_id=81#breadcrumb","itemListElement":[{"@type":"ListItem","position":1,"name":"Home","item":"https:\/\/sadowy.one\/"},{"@type":"ListItem","position":2,"name":"Kontakt"}]},{"@type":"WebSite","@id":"https:\/\/sadowy.one\/#website","url":"https:\/\/sadowy.one\/","name":"Sadowy.one","description":"","potentialAction":[{"@type":"SearchAction","target":{"@type":"EntryPoint","urlTemplate":"https:\/\/sadowy.one\/?s={search_term_string}"},"query-input":"required name=search_term_string"}],"inLanguage":"pl-PL"}]}},"_links":{"self":[{"href":"https:\/\/sadowy.one\/index.php?rest_route=\/wp\/v2\/pages\/81","targetHints":{"allow":["GET"]}}],"collection":[{"href":"https:\/\/sadowy.one\/index.php?rest_route=\/wp\/v2\/pages"}],"about":[{"href":"https:\/\/sadowy.one\/index.php?rest_route=\/wp\/v2\/types\/page"}],"author":[{"embeddable":true,"href":"https:\/\/sadowy.one\/index.php?rest_route=\/wp\/v2\/users\/2"}],"replies":[{"embeddable":true,"href":"https:\/\/sadowy.one\/index.php?rest_route=%2Fwp%2Fv2%2Fcomments&post=81"}],"version-history":[{"count":6,"href":"https:\/\/sadowy.one\/index.php?rest_route=\/wp\/v2\/pages\/81\/revisions"}],"predecessor-version":[{"id":261,"href":"https:\/\/sadowy.one\/index.php?rest_route=\/wp\/v2\/pages\/81\/revisions\/261"}],"wp:attachment":[{"href":"https:\/\/sadowy.one\/index.php?rest_route=%2Fwp%2Fv2%2Fmedia&parent=81"}],"curies":[{"name":"wp","href":"https:\/\/api.w.org\/{rel}","templated":true}]}}