{"id":125,"date":"2023-09-26T07:21:43","date_gmt":"2023-09-26T05:21:43","guid":{"rendered":"http:\/\/sadowy.one\/?page_id=125"},"modified":"2025-06-13T12:23:29","modified_gmt":"2025-06-13T10:23:29","slug":"wyniki","status":"publish","type":"page","link":"https:\/\/sadowy.one\/?page_id=125","title":{"rendered":"Wyniki"},"content":{"rendered":"\t\t<div data-elementor-type=\"wp-page\" data-elementor-id=\"125\" class=\"elementor elementor-125\">\n\t\t\t\t\t\t\t\t\t<section class=\"elementor-section elementor-top-section elementor-element elementor-element-9703dbc elementor-section-boxed elementor-section-height-default elementor-section-height-default\" data-id=\"9703dbc\" data-element_type=\"section\">\n\t\t\t\t\t\t<div class=\"elementor-container elementor-column-gap-default\">\n\t\t\t\t\t<div class=\"elementor-column elementor-col-100 elementor-top-column elementor-element elementor-element-5fd44808\" data-id=\"5fd44808\" data-element_type=\"column\">\n\t\t\t<div class=\"elementor-widget-wrap elementor-element-populated\">\n\t\t\t\t\t\t\t\t<div class=\"elementor-element elementor-element-646bdd45 elementor-widget elementor-widget-text-editor\" data-id=\"646bdd45\" data-element_type=\"widget\" data-widget_type=\"text-editor.default\">\n\t\t\t\t<div class=\"elementor-widget-container\">\n\t\t\t<style>\/*! elementor - v3.15.0 - 20-08-2023 *\/\n.elementor-widget-text-editor.elementor-drop-cap-view-stacked .elementor-drop-cap{background-color:#69727d;color:#fff}.elementor-widget-text-editor.elementor-drop-cap-view-framed .elementor-drop-cap{color:#69727d;border:3px solid;background-color:transparent}.elementor-widget-text-editor:not(.elementor-drop-cap-view-default) .elementor-drop-cap{margin-top:8px}.elementor-widget-text-editor:not(.elementor-drop-cap-view-default) .elementor-drop-cap-letter{width:1em;height:1em}.elementor-widget-text-editor .elementor-drop-cap{float:left;text-align:center;line-height:1;font-size:50px}.elementor-widget-text-editor .elementor-drop-cap-letter{display:inline-block}<\/style>\t\t\t\t<div>\n<p><strong>Rok<span class=\"apple-converted-space\">&nbsp;<\/span>2025<\/strong><\/p><p><strong><br><\/strong><\/p>\n<\/div>\n<p style=\"font-weight: 400;\"><strong><u>Mistrzostwa Polski Junior\u00f3w &#8211; Toru\u0144<\/u><\/strong><\/p>\n<p style=\"font-weight: 400;\"><strong>3 miejsce<\/strong> dru\u017cynowo &#8211; Krzysztof Sadowy<\/p>\n<p style=\"font-weight: 400;\">13 miejsce indywidualnie &#8211; Krzysztof Sadowy<\/p>\n<p style=\"font-weight: 400;\"><strong><u>Muszkieter Trophy &#8211; Gliwice<\/u><\/strong><u>&nbsp;<\/u><\/p>\n<p style=\"font-weight: 400;\"><strong>1 miejsce&nbsp;<\/strong>&#8211;&nbsp;U14 &#8211;&nbsp;Krzysztof Sadowy<\/p>\n<p style=\"font-weight: 400;\">9 miejsce &#8211; U12 &#8211; Wojciech Sadowy<\/p>\n<p style=\"font-weight: 400;\"><strong><u>Puchar Europy U14 &#8211; Espoo Finlandia<\/u><\/strong><strong>&nbsp;<\/strong><\/p>\n<p style=\"font-weight: 400;\">8 miejsc &#8211; Krzysztof Sadowy<\/p>\n<p style=\"font-weight: 400;\">24 miejsce &#8211; Wojciech Sadowy<\/p>\n<p style=\"font-weight: 400;\"><strong><u>Turniej \u201eWarszawska Syrenka\u201d<\/u><\/strong><\/p>\n<p style=\"font-weight: 400;\"><strong>1 <\/strong><strong>miejsce <\/strong><strong>U<\/strong>12 &#8211; Wojciech Sadowy<\/p>\n<p style=\"font-weight: 400;\"><strong>1 <\/strong><strong>miejsce <\/strong><strong>U<\/strong>14 &#8211; Krzysztof Sadowy<\/p>\n<p style=\"font-weight: 400;\">Challange Wratislavia &#8211; Wroc\u0142aw<\/p>\n<p style=\"font-weight: 400;\">3 miejsce U15 &#8211; Krzysztof Sadowy<\/p>\n<p><span style=\"font-weight: 400;\">T<\/span><u><b>urniej Puchar \u017bubr\u00f3w &#8211; Krzeszowice<\/b><\/u><\/p>\n<p style=\"font-weight: 400;\">3 miejsce U12 &#8211; Wojciwch Sadowy<\/p><p style=\"font-weight: 400;\"><br><\/p>\n<p style=\"font-weight: 400;\">\n<\/p><p style=\"font-weight: 400;\">Rok<strong>&nbsp;<\/strong><strong>2024<\/strong><\/p><p style=\"font-weight: 400;\"><strong><br><\/strong><\/p>\n<p style=\"font-weight: 400;\"><strong><u>Warszawaka Olimpiada M\u0142odzie\u017cy<\/u><\/strong><\/p>\n<p style=\"font-weight: 400;\"><strong>1 <\/strong><strong>miejsce &#8211;<\/strong> U14 Krzysztof Sadowy<\/p>\n<p style=\"font-weight: 400;\"><strong>1 <\/strong><strong>miejsce &#8211;<\/strong> U12 Wojciech Sadowy<\/p>\n<p style=\"font-weight: 400;\"><strong><u>Fiairfax<\/u><\/strong><strong><u>&nbsp;<\/u><\/strong><strong><u>&#8211; Frederiksburg USA &nbsp;<\/u><\/strong><\/p>\n<p style=\"font-weight: 400;\"><strong>3&nbsp;<\/strong>miejsce Krzysztof Sadowy<\/p>\n<p style=\"font-weight: 400;\">5 miejsce Wojciech Sadowy<\/p>\n<p style=\"font-weight: 400;\"><strong><em><u>Sportowy Talent Roku &#8211; Mazowsze<\/u><\/em><\/strong><\/p>\n<p style=\"font-weight: 400;\"><strong><em>1 <\/em><\/strong><strong><em>miejsce w<\/em><\/strong><em> plebiscycie &#8211;<\/em><em>&nbsp;<\/em><strong><em>Krzystof Sadowy&nbsp;<\/em><\/strong><\/p>\n<p style=\"font-weight: 400;\"><strong><u>Muszkieter Trophy -Gliwice<\/u><\/strong><strong><u>&nbsp;<\/u><\/strong><\/p>\n<p style=\"font-weight: 400;\"><strong>1 miejsce<\/strong><strong>&nbsp;<\/strong>Krzysztof Sadowy<\/p>\n<p style=\"font-weight: 400;\"><strong><u>Warszawska Syrenka -Warszawa<\/u><\/strong><\/p>\n<p style=\"font-weight: 400;\">5 miejsce U14 &#8211; Krzysztof Sadowy<\/p>\n<p style=\"font-weight: 400;\">6 miejsce U 12 &#8211; Wojciech Sadowy<\/p>\n<p style=\"font-weight: 400;\"><strong><u>Puchar Europy U14 &#8211; Florina Grecja<\/u><\/strong><\/p>\n<p style=\"font-weight: 400;\"><strong>2 miejsce<\/strong>&nbsp;&#8211; Krzysztof Sadowy<\/p>\n<p style=\"font-weight: 400;\"><strong><u>Challenge Wratislavia &#8211; Wroc\u0142aw&nbsp;<\/u><\/strong><\/p>\n<p style=\"font-weight: 400;\"><strong>3 miejsce<\/strong>&nbsp;&#8211; Krzystof Sadowy U13<\/p>\n<p style=\"font-weight: 400;\">6 miejsce Wojciech Sadowy U11<\/p>\n<p style=\"font-weight: 400;\"><strong><u>Rybnik Cup &#8211; Rybnik<\/u><\/strong><\/p>\n<p style=\"font-weight: 400;\"><strong>3 miejsce<\/strong>&nbsp;U14 &#8211; Krzystof Sadowy<\/p>\n<p style=\"font-weight: 400;\"><strong>3 <\/strong><strong>miejsce<\/strong> U12 &#8211; Wojciech Sadowy<\/p>\n<p style=\"font-weight: 400;\"><strong><u>Puchar Europy U14 &#8211; Antalia Turcja<\/u><\/strong><\/p>\n<p style=\"font-weight: 400;\"><strong>2 miejsce<\/strong><strong>&nbsp;<\/strong>&#8211; Krzysztof Sadowy<\/p>\n<p style=\"font-weight: 400;\"><strong><u>Puchar Europy U14 &#8211; Sofia Bu\u0142garia<\/u><\/strong><\/p>\n<p style=\"font-weight: 400;\"><strong>1 <\/strong><strong>miejsce Krzysztof<\/strong> Sadowy<\/p>\n<p style=\"font-weight: 400;\"><strong><u>Igrzyska Dzieci- Gliwice<\/u><\/strong><\/p>\n<p style=\"font-weight: 400;\"><strong>2 <\/strong><strong>miejsce<\/strong><strong> &#8211;<\/strong> Krzysztof Sadowy U14<\/p>\n<p style=\"font-weight: 400;\"><strong><u>Indywidualne MIstrzostwa Polski M\u0142odzik\u00f3w &#8211; Cz\u0119stochowa &#8211;<\/u><\/strong><strong><u>&nbsp;<\/u><\/strong><\/p>\n<p style=\"font-weight: 400;\"><strong><u>2 miejsce Krzystof Sadowy<\/u><\/strong><\/p>\n<p style=\"font-weight: 400;\"><strong><u>Dru\u017cynowe Mistrzostwa Polski M\u0142odzik\u00f3w &#8211; Cz\u0119stochowa &#8211;<\/u><\/strong><strong><u>&nbsp;<\/u><\/strong><\/p>\n<p style=\"font-weight: 400;\"><strong>1 miejsce Krzystof Sadowy<\/strong><\/p>\n<p style=\"font-weight: 400;\"><strong><u>Europejski Festiwal <\/u><\/strong><strong><u>Szermierczy Budapeszt<\/u><\/strong><strong><u> W\u0119gry &nbsp;<\/u><\/strong><\/p>\n<p style=\"font-weight: 400;\"><strong>3 miejsce &#8211; Krzysztof Sadowy<\/strong><\/p>\n<p style=\"font-weight: 400;\"><strong>&nbsp;<\/strong><strong><em><u>Lista Klasyfikacyjna Polskiego Zwi\u0105zku Szermierczego za sezon 2023\/2024<\/u><\/em><\/strong><\/p>\n<p style=\"font-weight: 400;\">1 miejsce w kategorii m\u0142odzik &#8211; Krzysztof Sadowy<strong><u>&nbsp;<\/u><\/strong><\/p>\n<p style=\"font-weight: 400;\"><strong><u>Mieleckie Skrzyd\u0142a &#8211; Mielec &#8211;<\/u><\/strong><\/p>\n<p style=\"font-weight: 400;\"><strong>3 miejsce &#8211;<\/strong><strong>&nbsp;<\/strong>U12 Wojciech Sadowy<\/p>\n<p style=\"font-weight: 400;\"><strong><u>O Miecz Zerwikaptur Longinusa Podbipi\u0119ty &#8211; Krak\u00f3w U14<\/u><\/strong><strong><u>&nbsp;<\/u><\/strong><\/p>\n<p style=\"font-weight: 400;\"><strong>1 miejsce<\/strong><strong>&nbsp;<\/strong>&#8211; Krzysztof Sadowy<\/p>\n<p style=\"font-weight: 400;\"><strong><u>O Puchar Miasta Wadowice<\/u><\/strong><\/p>\n<p style=\"font-weight: 400;\"><strong>3 miejsce<\/strong><strong>&nbsp;<\/strong>U14 &#8211; Krzysztof Sadowy<\/p>\n<p style=\"font-weight: 400;\"><strong>3 miejsce<\/strong>&nbsp;U12 &#8211; Wojciech Sadowy<\/p>\n<p style=\"font-weight: 400;\"><strong><u>Turniej Z okazji dnia edukacji Narodowej &#8211; Radlin<\/u><\/strong><\/p>\n<p style=\"font-weight: 400;\"><strong>2 miejsce<\/strong><strong>&nbsp;<\/strong>U12 Wojciech Sadowy<\/p>\n<p style=\"font-weight: 400;\"><strong><u>Puchar Polski do lata 17 <\/u><\/strong><strong><u>&#8211; Gliwice<\/u><\/strong><strong><u>&nbsp;<\/u><\/strong><\/p>\n<p style=\"font-weight: 400;\">5 m &#8211; Krzysztof Sadowy<\/p>\n<p style=\"font-weight: 400;\"><strong><u>Gwiazdka ze Szpad\u0105 &#8211; Gliwice&nbsp;<\/u><\/strong><\/p>\n<p style=\"font-weight: 400;\"><strong>3 miejsce<\/strong><strong>&nbsp;<\/strong>U12 &#8211; Wojciech Sadowy<\/p>\n<p style=\"font-weight: 400;\"><strong>1 miejsce<\/strong>&nbsp;U14 &#8211; Krzysztof Sadowy<\/p>\n<p style=\"font-weight: 400;\"><strong><u>Mokotowska Gwiazdka Ze Szpad\u0105 &#8211; Warszawa&nbsp;<\/u><\/strong><\/p>\n<p style=\"font-weight: 400;\"><strong>1 miejsce<\/strong><strong>&nbsp;<\/strong>Wojciech Sadowy<\/p><p style=\"font-weight: 400;\"><br><\/p>\n<p style=\"font-weight: 400;\">Rok<strong>&nbsp;2023<\/strong><\/p>\n<p style=\"font-weight: 400;\"><strong>&nbsp;<\/strong><\/p>\n<p style=\"font-weight: 400;\"><strong>Indywidualne Mistrzostwa Polski M\u0142odzik\u00f3w \u2013&nbsp;<\/strong>Cz\u0119stochowa<strong>&nbsp;<\/strong><strong>2023<\/strong><\/p>\n<p style=\"font-weight: 400;\"><strong>3 miejsce Krzysztof Sadowy<\/strong><\/p>\n<p style=\"font-weight: 400;\"><strong>Dru\u017cynowe Mistrzostwa Polski M\u0142odzik\u00f3w \u2013&nbsp;<\/strong>Cz\u0119stochowa<strong>&nbsp;<\/strong><strong>2023<\/strong><\/p>\n<p style=\"font-weight: 400;\"><strong>3 miejsce &#8211; Krzysztof Sadowy<\/strong><\/p>\n<p style=\"font-weight: 400;\"><strong>Lista Klasyfikacyjna Polskiego Zwi\u0105zku Szermierczego za sezon 2022\/2023<\/strong><\/p>\n<p style=\"font-weight: 400;\">1 miejsce w kategorii dzieci &#8211; Krzysztof Sadowy<\/p>\n<p style=\"font-weight: 400;\"><strong>Puchar Europy U14 \u2013 Gruzja&nbsp;<\/strong><\/p>\n<p style=\"font-weight: 400;\">1 miejsce \u2013 Krzysztof Sadowy &#8211; kat. m\u0142odzik<\/p>\n<p style=\"font-weight: 400;\"><strong>Puchar Ziem P\u00f3\u0142nocnych \u2013 Szczecin<\/strong><\/p>\n<p style=\"font-weight: 400;\">2 miejsce \u2013 Wojciech Sadowy&nbsp;&#8211; kat. dzieci<\/p>\n<p style=\"font-weight: 400;\"><strong>Puchar Miasta Kalwaria Zebrzydowskiej \u2013 Kalwaria Zebrzydowska<\/strong><\/p>\n<p style=\"font-weight: 400;\">2 miejsce \u2013 Krzysztof Sadowy&nbsp;&#8211; kat. m\u0142odzik<\/p>\n<p style=\"font-weight: 400;\">7 miejsce \u2013 Wojciech Sadowy&nbsp;&#8211; kat. dzieci<\/p>\n<p style=\"font-weight: 400;\"><strong>Puchar Miasta Wadowice \u2013 Wadowice<\/strong><\/p>\n<p style=\"font-weight: 400;\">5 miejsce \u2013 Krzysztof Sadowy&nbsp;&#8211; kat. m\u0142odzik<\/p>\n<p style=\"font-weight: 400;\">8 miejsce \u2013 Wojciech Sadowy&nbsp;&#8211; kat. dzieci<\/p>\n<p style=\"font-weight: 400;\"><strong>Mistrzostwa Warszawy i Mazowsza&nbsp;<\/strong><\/p>\n<p style=\"font-weight: 400;\">1 miejsce \u2013 Krzysztofa Sadowy&nbsp;&#8211; kat. m\u0142odzik<\/p>\n<p style=\"font-weight: 400;\">2 miejsce &#8211; Wojciech Sadowy&nbsp;&#8211; kat. dzieci<\/p>\n<p style=\"font-weight: 400;\"><strong>Turniej \u201eMieleckie Skrzyd\u0142a\u201d \u2013 Mielec<\/strong><\/p>\n<p style=\"font-weight: 400;\">1 miejsce \u2013 Krzysztof Sadowy&nbsp;&#8211; kat. m\u0142odzik<\/p>\n<p style=\"font-weight: 400;\">3 miejsce \u2013 Wojciech Sadowy&nbsp;&#8211; kat. dzieci<\/p>\n<p style=\"font-weight: 400;\"><strong>Og\u00f3lnopolski Turniej \u201eRybnik Cup\u201d \u2013 Rybnik&nbsp;<\/strong><\/p>\n<p style=\"font-weight: 400;\"><strong>1 miejsce<\/strong>&nbsp;\u2013 Krzysztof Sadowy &#8211; kat. m\u0142odzik<\/p>\n<p style=\"font-weight: 400;\"><strong>Puchar Europy Dzieci i M\u0142odzie\u017cy \u2013 Antalya<\/strong><\/p>\n<p style=\"font-weight: 400;\"><strong>1 miejsce<\/strong>&nbsp;\u2013 Krzysztof Sadowy &#8211; kat. dzieci<\/p>\n<p style=\"font-weight: 400;\"><strong>6 miejsce<\/strong>&nbsp;\u2013 Wojciech Sadowy &#8211; kat. zuchy<\/p>\n<p style=\"font-weight: 400;\"><strong>Warszawska Olimpiada M\u0142odzie\u017cy&nbsp;<\/strong><\/p>\n<p style=\"font-weight: 400;\"><strong>3 miejsce<\/strong>&nbsp;\u2013 Wojciech Sadowy&nbsp;&#8211; kat. dzieci<\/p>\n<p style=\"font-weight: 400;\"><strong>Mi\u0119dzynarodowy Turniej \u201eWarszawska Syrenka\u201d \u2013 Warszawa<\/strong><\/p>\n<p style=\"font-weight: 400;\"><strong>1 miejsce<\/strong>&nbsp;\u2013 Krzysztof Sadowy&nbsp;&#8211; kat. dzieci<\/p>\n<p style=\"font-weight: 400;\"><strong>1 miejsce<\/strong>&nbsp;\u2013 Wojciech Sadowy&nbsp;&#8211; kat. zuchy<\/p>\n<p style=\"font-weight: 400;\"><strong>Najwi\u0119kszy mi\u0119dzynarodowy turniej na \u015bwiecie dzieci i m\u0142odzie\u017cy \u201eChallenge Wratislavia\u201d \u2013 Wroc\u0142aw<\/strong><\/p>\n<p style=\"font-weight: 400;\"><strong>3 miejsce<\/strong>&nbsp;\u2013 Krzysztof Sadowy&nbsp;&#8211; kat. dzieci<\/p>\n<p style=\"font-weight: 400;\"><strong>Turniej og\u00f3lnopolski \u201ePuchar \u017bubr\u00f3w\u201d \u2013 Skawina<\/strong><\/p>\n<p style=\"font-weight: 400;\"><strong>1 miejsce<\/strong>&nbsp;\u2013 Krzysztof Sadowy&nbsp;&#8211; kat. dzieci<\/p>\n<p style=\"font-weight: 400;\"><strong>Turniej og\u00f3lnopolski \u201eMuszkieter Trophy\u201d \u2013 Gliwice<\/strong><\/p>\n<p style=\"font-weight: 400;\"><strong>1 miejsce<\/strong>&nbsp;\u2013 Krzysztof Sadowy &#8211; kat. m\u0142odzik<\/p>\n<p style=\"font-weight: 400;\"><strong>3 miejsce<\/strong>&nbsp;\u2013 Wojciech Sadowy&nbsp;&#8211; kat. dzieci<\/p>\n<p style=\"font-weight: 400;\"><strong>Turniej szermierczy\u201d Circuit Jeunes James\u201d \u2013 Bruksela<\/strong><\/p>\n<p style=\"font-weight: 400;\"><strong>2 miejsce<\/strong>&nbsp;\u2013 Wojciech Sadowy&nbsp;&#8211; kat. dzieci<\/p><p style=\"font-weight: 400;\"><br><\/p>\n<p style=\"font-weight: 400;\"><strong>Rok 2022<\/strong><\/p>\n<p style=\"font-weight: 400;\"><strong>&nbsp;<\/strong><\/p>\n<p style=\"font-weight: 400;\"><strong>Najwi\u0119kszy na \u015bwiecie mi\u0119dzynarodowy turniej szermierczy \u201eChellenge Wratislavia\u201d \u2013 Wroc\u0142aw<\/strong><\/p>\n<p style=\"font-weight: 400;\"><strong>1 miejsce<\/strong>&nbsp;Krzysztof Sadowy&nbsp;&#8211; kat. dzieci<\/p>\n<p style=\"font-weight: 400;\"><strong>Turniej og\u00f3lnopolski dla dzieci i m\u0142odzie\u017cy \u2013 \u201eKmicic Cup\u201d<\/strong><\/p>\n<p style=\"font-weight: 400;\"><strong>2 miejsce<\/strong>&nbsp;Krzysztof Sadowy&nbsp;&#8211; kat. dzieci<\/p>\n<p style=\"font-weight: 400;\"><strong>Turniej og\u00f3lnopolski dla dzieci i m\u0142odzie\u017cy \u2013 \u201eO puchar miasta Wadowice\u201d<\/strong><\/p>\n<p style=\"font-weight: 400;\"><strong>1 miejsce<\/strong>&nbsp;Krzysztof Sadowy&nbsp;&#8211; kat. dzieci<\/p>\n<p style=\"font-weight: 400;\"><strong>2 miejsce<\/strong>&nbsp;Wojtek Sadowy&nbsp;&#8211; kat. zuchy<\/p>\n<p style=\"font-weight: 400;\"><strong>Warszawska Olimpiada M\u0142odzie\u017cy<\/strong><\/p>\n<p style=\"font-weight: 400;\"><strong>3 miejsce<\/strong>&nbsp;Krzysztof Sadowy&nbsp;&#8211; kat. dzieci<\/p>\n<p style=\"font-weight: 400;\"><strong>Mi\u0119dzynarodowy turniej Rybnik Cup:<\/strong><\/p>\n<p style=\"font-weight: 400;\"><strong>5 miejsce<\/strong>&nbsp;Krzysztof Sadowy&nbsp;&#8211; kat. dzieci<\/p>\n<p style=\"font-weight: 400;\"><strong>Puchar \u017bubr\u00f3w- Skawina<\/strong><\/p>\n<p style=\"font-weight: 400;\"><strong>1 miejsce<\/strong>&nbsp;Krzysztof Sadowy&nbsp;&#8211; kat. dzieci<\/p>\n<p style=\"font-weight: 400;\"><strong>Turniej \u201eWarszawska Syrenka\u201d<\/strong><\/p>\n<p style=\"font-weight: 400;\"><strong>1 miejsce<\/strong>&nbsp;Wojciech Sadowy&nbsp;&#8211; kat. zuchy<\/p>\n<p style=\"font-weight: 400;\"><strong>3 miejsce<\/strong>&nbsp;Krzysztof Sadowy&nbsp;&#8211; kat. dzieci<\/p>\n<p style=\"font-weight: 400;\"><strong>Mistrzostwa Warszawy i Mazowsza:<\/strong><\/p>\n<p style=\"font-weight: 400;\"><strong>1 miejsce<\/strong>&nbsp;Krzysztof Sadowy&nbsp;&#8211; kat. dzieci<\/p>\n<p style=\"font-weight: 400;\"><strong>Mi\u0119dzynarodowy turniej \u201eMuszkieter Trophy\u201d<\/strong><\/p>\n<p style=\"font-weight: 400;\"><strong>2 miejsce<\/strong>&nbsp;Krzysztof Sadowy&nbsp;&#8211; kat. dzieci<\/p>\n<p style=\"font-weight: 400;\"><strong>Turniej szermierczy o \u201ePuchar Ziem P\u00f3\u0142nocnych\u201d Szczecin:<\/strong><\/p>\n<p style=\"font-weight: 400;\"><strong>1 miejsce<\/strong>&nbsp;Wojtek Sadowy&nbsp;&#8211; kat. zuchy<\/p>\n<p style=\"font-weight: 400;\"><strong>2 miejsce<\/strong>&nbsp;Krzysztof Sadowy&nbsp;&#8211; kat. dzieci<\/p>\n<p style=\"font-weight: 400;\"><strong>Turniej z okazji \u201eDnia dziecka\u201d \u2013 Radlin<\/strong><\/p>\n<p style=\"font-weight: 400;\"><strong>2 miejsce \u2013<\/strong>&nbsp;Krzysztof Sadowy&nbsp;&#8211; kat. dzieci<\/p>\n<p style=\"font-weight: 400;\"><strong>2 miejsce<\/strong>&nbsp;\u2013 Wojciech Sadowy&nbsp;&#8211; kat. zuchy<\/p>\n<p style=\"font-weight: 400;\"><strong>Turniej Og\u00f3lnopolski \u201eMemoria\u0142 Jerzego Janikowskiego\u201d \u2013 Katowice<\/strong><\/p>\n<p style=\"font-weight: 400;\"><strong>5 miejsce<\/strong> &#8211; Krzysztof Sadowy&nbsp;&#8211; kat. dzieci<\/p>\n<p style=\"font-weight: 400;\"><strong>&nbsp;<\/strong><\/p>\n<p style=\"font-weight: 400;\"><strong>Rok 2021<\/strong><\/p>\n<p style=\"font-weight: 400;\"><strong>&nbsp;<\/strong><\/p>\n<p style=\"font-weight: 400;\"><strong>Turniej Dzieci i M\u0142odzie\u017cy z okazji Dnia Edukacji Narodowej w Radlinie:<\/strong><\/p>\n<p style=\"font-weight: 400;\"><strong>5 miejsce<\/strong>&nbsp;Wojtek Sadowy&nbsp;&#8211; kat. zuchy<\/p>\n<p style=\"font-weight: 400;\"><strong>8 miejsce<\/strong>&nbsp;Krzysztof Sadowy &#8211; kat. dzieci<\/p>\n<p style=\"font-weight: 400;\"><strong>&nbsp;<\/strong><strong>Turniej Dzieci i M\u0142odzie\u017cy Kmicic Cup w Cz\u0119stochowie:<\/strong><\/p>\n<p style=\"font-weight: 400;\"><strong>2 miejsce<\/strong>&nbsp;Krzysztof Sadowy&nbsp;&#8211; kat. dzieci<\/p>\n<p style=\"font-weight: 400;\"><strong>Turniej Dzieci i M\u0142odzik\u00f3w Puchar \u017bubr\u00f3w w Niepo\u0142omicach:<\/strong><\/p>\n<p style=\"font-weight: 400;\"><strong>1 miejsce<\/strong>&nbsp;Wojciech Sadowy&nbsp;&#8211; kat. zuchy<\/p>\n<p style=\"font-weight: 400;\"><strong>1 miejsce<\/strong>&nbsp;Krzysztof Sadowy&nbsp;&#8211; kat. dzieci<\/p>\n<p style=\"font-weight: 400;\"><strong>Turniej Dzieci i M\u0142odzi e\u017cy \u201eMuszkieter Trophy\u201d<\/strong><\/p>\n<p style=\"font-weight: 400;\"><strong>3 miejsce<\/strong>&nbsp;Krzysztof Sadowy &#8211; kat. dzieci<strong>&nbsp;<\/strong><\/p>\n<p style=\"font-weight: 400;\"><strong>Warszawska Olimpiada M\u0142odzie\u017cy:<\/strong><\/p>\n<p style=\"font-weight: 400;\"><strong>3 miejsce<\/strong>&nbsp;Krzysztof Sadowy &#8211; kat. dzieci<\/p>\n<p style=\"font-weight: 400;\"><strong>Mistrzostwa Warszawy:<\/strong><\/p>\n<p style=\"font-weight: 400;\"><strong>3 miejsce<\/strong>&nbsp;Krzysztof Sadowy &#8211; kat. dzieci<\/p>\n<p style=\"font-weight: 400;\"><strong>2 miejsce<\/strong>&nbsp;Wojciech Sadowy &#8211; kat. zuchy<\/p>\n<p style=\"font-weight: 400;\">\n<\/p>\t\t\t\t\t\t<\/div>\n\t\t\t\t<\/div>\n\t\t\t\t\t<\/div>\n\t\t<\/div>\n\t\t\t\t\t\t\t<\/div>\n\t\t<\/section>\n\t\t\t\t\t\t\t<\/div>\n\t\t","protected":false},"excerpt":{"rendered":"<p>Rok&nbsp;2025 Mistrzostwa Polski Junior\u00f3w &#8211; Toru\u0144 3 miejsce dru\u017cynowo &#8211; Krzysztof Sadowy 13 miejsce indywidualnie &#8211; Krzysztof Sadowy Muszkieter Trophy &#8211; Gliwice&nbsp; 1 miejsce&nbsp;&#8211;&nbsp;U14 &#8211;&nbsp;Krzysztof Sadowy 9 miejsce &#8211; U12 &#8211; Wojciech Sadowy Puchar Europy U14 &#8211; Espoo Finlandia&nbsp; 8 miejsc &#8211; Krzysztof Sadowy 24 miejsce &#8211; Wojciech Sadowy Turniej \u201eWarszawska Syrenka\u201d 1 miejsce U12 &hellip; <\/p>\n<p class=\"link-more\"><a href=\"https:\/\/sadowy.one\/?page_id=125\" class=\"more-link\">Czytaj dalej<span class=\"screen-reader-text\"> \u201eWyniki\u201d<\/span><\/a><\/p>\n","protected":false},"author":2,"featured_media":0,"parent":0,"menu_order":0,"comment_status":"closed","ping_status":"closed","template":"","meta":{"footnotes":""},"class_list":["post-125","page","type-page","status-publish","hentry"],"yoast_head":"<!-- This site is optimized with the Yoast SEO plugin v21.1 - https:\/\/yoast.com\/wordpress\/plugins\/seo\/ -->\n<title>Wyniki - Sadowy.one<\/title>\n<meta name=\"robots\" content=\"index, follow, max-snippet:-1, max-image-preview:large, max-video-preview:-1\" \/>\n<link rel=\"canonical\" href=\"https:\/\/sadowy.one\/?page_id=125\" \/>\n<meta property=\"og:locale\" content=\"pl_PL\" \/>\n<meta property=\"og:type\" content=\"article\" \/>\n<meta property=\"og:title\" content=\"Wyniki - Sadowy.one\" \/>\n<meta property=\"og:description\" content=\"Rok&nbsp;2025 Mistrzostwa Polski Junior\u00f3w &#8211; Toru\u0144 3 miejsce dru\u017cynowo &#8211; Krzysztof Sadowy 13 miejsce indywidualnie &#8211; Krzysztof Sadowy Muszkieter Trophy &#8211; Gliwice&nbsp; 1 miejsce&nbsp;&#8211;&nbsp;U14 &#8211;&nbsp;Krzysztof Sadowy 9 miejsce &#8211; U12 &#8211; Wojciech Sadowy Puchar Europy U14 &#8211; Espoo Finlandia&nbsp; 8 miejsc &#8211; Krzysztof Sadowy 24 miejsce &#8211; Wojciech Sadowy Turniej \u201eWarszawska Syrenka\u201d 1 miejsce U12 &hellip; Czytaj dalej \u201eWyniki\u201d\" \/>\n<meta property=\"og:url\" content=\"https:\/\/sadowy.one\/?page_id=125\" \/>\n<meta property=\"og:site_name\" content=\"Sadowy.one\" \/>\n<meta property=\"article:modified_time\" content=\"2025-06-13T10:23:29+00:00\" \/>\n<meta name=\"twitter:card\" content=\"summary_large_image\" \/>\n<meta name=\"twitter:label1\" content=\"Szacowany czas czytania\" \/>\n\t<meta name=\"twitter:data1\" content=\"5 minut\" \/>\n<script type=\"application\/ld+json\" class=\"yoast-schema-graph\">{\"@context\":\"https:\/\/schema.org\",\"@graph\":[{\"@type\":\"WebPage\",\"@id\":\"https:\/\/sadowy.one\/?page_id=125\",\"url\":\"https:\/\/sadowy.one\/?page_id=125\",\"name\":\"Wyniki - Sadowy.one\",\"isPartOf\":{\"@id\":\"https:\/\/sadowy.one\/#website\"},\"datePublished\":\"2023-09-26T05:21:43+00:00\",\"dateModified\":\"2025-06-13T10:23:29+00:00\",\"breadcrumb\":{\"@id\":\"https:\/\/sadowy.one\/?page_id=125#breadcrumb\"},\"inLanguage\":\"pl-PL\",\"potentialAction\":[{\"@type\":\"ReadAction\",\"target\":[\"https:\/\/sadowy.one\/?page_id=125\"]}]},{\"@type\":\"BreadcrumbList\",\"@id\":\"https:\/\/sadowy.one\/?page_id=125#breadcrumb\",\"itemListElement\":[{\"@type\":\"ListItem\",\"position\":1,\"name\":\"Home\",\"item\":\"https:\/\/sadowy.one\/\"},{\"@type\":\"ListItem\",\"position\":2,\"name\":\"Wyniki\"}]},{\"@type\":\"WebSite\",\"@id\":\"https:\/\/sadowy.one\/#website\",\"url\":\"https:\/\/sadowy.one\/\",\"name\":\"Sadowy.one\",\"description\":\"\",\"potentialAction\":[{\"@type\":\"SearchAction\",\"target\":{\"@type\":\"EntryPoint\",\"urlTemplate\":\"https:\/\/sadowy.one\/?s={search_term_string}\"},\"query-input\":\"required name=search_term_string\"}],\"inLanguage\":\"pl-PL\"}]}<\/script>\n<!-- \/ Yoast SEO plugin. -->","yoast_head_json":{"title":"Wyniki - Sadowy.one","robots":{"index":"index","follow":"follow","max-snippet":"max-snippet:-1","max-image-preview":"max-image-preview:large","max-video-preview":"max-video-preview:-1"},"canonical":"https:\/\/sadowy.one\/?page_id=125","og_locale":"pl_PL","og_type":"article","og_title":"Wyniki - Sadowy.one","og_description":"Rok&nbsp;2025 Mistrzostwa Polski Junior\u00f3w &#8211; Toru\u0144 3 miejsce dru\u017cynowo &#8211; Krzysztof Sadowy 13 miejsce indywidualnie &#8211; Krzysztof Sadowy Muszkieter Trophy &#8211; Gliwice&nbsp; 1 miejsce&nbsp;&#8211;&nbsp;U14 &#8211;&nbsp;Krzysztof Sadowy 9 miejsce &#8211; U12 &#8211; Wojciech Sadowy Puchar Europy U14 &#8211; Espoo Finlandia&nbsp; 8 miejsc &#8211; Krzysztof Sadowy 24 miejsce &#8211; Wojciech Sadowy Turniej \u201eWarszawska Syrenka\u201d 1 miejsce U12 &hellip; Czytaj dalej \u201eWyniki\u201d","og_url":"https:\/\/sadowy.one\/?page_id=125","og_site_name":"Sadowy.one","article_modified_time":"2025-06-13T10:23:29+00:00","twitter_card":"summary_large_image","twitter_misc":{"Szacowany czas czytania":"5 minut"},"schema":{"@context":"https:\/\/schema.org","@graph":[{"@type":"WebPage","@id":"https:\/\/sadowy.one\/?page_id=125","url":"https:\/\/sadowy.one\/?page_id=125","name":"Wyniki - Sadowy.one","isPartOf":{"@id":"https:\/\/sadowy.one\/#website"},"datePublished":"2023-09-26T05:21:43+00:00","dateModified":"2025-06-13T10:23:29+00:00","breadcrumb":{"@id":"https:\/\/sadowy.one\/?page_id=125#breadcrumb"},"inLanguage":"pl-PL","potentialAction":[{"@type":"ReadAction","target":["https:\/\/sadowy.one\/?page_id=125"]}]},{"@type":"BreadcrumbList","@id":"https:\/\/sadowy.one\/?page_id=125#breadcrumb","itemListElement":[{"@type":"ListItem","position":1,"name":"Home","item":"https:\/\/sadowy.one\/"},{"@type":"ListItem","position":2,"name":"Wyniki"}]},{"@type":"WebSite","@id":"https:\/\/sadowy.one\/#website","url":"https:\/\/sadowy.one\/","name":"Sadowy.one","description":"","potentialAction":[{"@type":"SearchAction","target":{"@type":"EntryPoint","urlTemplate":"https:\/\/sadowy.one\/?s={search_term_string}"},"query-input":"required name=search_term_string"}],"inLanguage":"pl-PL"}]}},"_links":{"self":[{"href":"https:\/\/sadowy.one\/index.php?rest_route=\/wp\/v2\/pages\/125","targetHints":{"allow":["GET"]}}],"collection":[{"href":"https:\/\/sadowy.one\/index.php?rest_route=\/wp\/v2\/pages"}],"about":[{"href":"https:\/\/sadowy.one\/index.php?rest_route=\/wp\/v2\/types\/page"}],"author":[{"embeddable":true,"href":"https:\/\/sadowy.one\/index.php?rest_route=\/wp\/v2\/users\/2"}],"replies":[{"embeddable":true,"href":"https:\/\/sadowy.one\/index.php?rest_route=%2Fwp%2Fv2%2Fcomments&post=125"}],"version-history":[{"count":51,"href":"https:\/\/sadowy.one\/index.php?rest_route=\/wp\/v2\/pages\/125\/revisions"}],"predecessor-version":[{"id":684,"href":"https:\/\/sadowy.one\/index.php?rest_route=\/wp\/v2\/pages\/125\/revisions\/684"}],"wp:attachment":[{"href":"https:\/\/sadowy.one\/index.php?rest_route=%2Fwp%2Fv2%2Fmedia&parent=125"}],"curies":[{"name":"wp","href":"https:\/\/api.w.org\/{rel}","templated":true}]}}